{"id":27,"date":"2023-05-04T11:24:58","date_gmt":"2023-05-04T11:24:58","guid":{"rendered":"https:\/\/domeeniost.ee\/?page_id=27"},"modified":"2023-06-14T11:36:49","modified_gmt":"2023-06-14T11:36:49","slug":"domeenid-mida-saad-endale-osta","status":"publish","type":"page","link":"https:\/\/domeeniost.ee\/?page_id=27","title":{"rendered":"Domeenid mida saad endale osta v\u00f5i rentida!"},"content":{"rendered":"\n<p>e-charity.ee<br>finantsedu.ee<br>kodulehtedetegemine.ee<br>kolime.ee<br>maitser\u00e4nnakud.ee<br>m\u00f6\u00f6blisaal.ee<br>pakenditrykk.ee<br>tervisliktervis.ee<br>valmistaise.ee<br>fassaadiv\u00e4rvimine.ee<br>fassaadivarvimine.ee<br>fassaadikrohvimine.ee<br>fassaadiremont.ee<br>fassaadiv\u00e4rvid.ee<\/p>\n","protected":false},"excerpt":{"rendered":"<p>e-charity.eefinantsedu.eekodulehtedetegemine.eekolime.eemaitser\u00e4nnakud.eem\u00f6\u00f6blisaal.eepakenditrykk.eetervisliktervis.eevalmistaise.eefassaadiv\u00e4rvimine.eefassaadivarvimine.eefassaadikrohvimine.eefassaadiremont.eefassaadiv\u00e4rvid.ee<\/p>\n","protected":false},"author":1,"featured_media":0,"parent":0,"menu_order":0,"comment_status":"closed","ping_status":"closed","template":"","meta":{"footnotes":""},"class_list":["post-27","page","type-page","status-publish","hentry","entry"],"_links":{"self":[{"href":"https:\/\/domeeniost.ee\/index.php?rest_route=\/wp\/v2\/pages\/27","targetHints":{"allow":["GET"]}}],"collection":[{"href":"https:\/\/domeeniost.ee\/index.php?rest_route=\/wp\/v2\/pages"}],"about":[{"href":"https:\/\/domeeniost.ee\/index.php?rest_route=\/wp\/v2\/types\/page"}],"author":[{"embeddable":true,"href":"https:\/\/domeeniost.ee\/index.php?rest_route=\/wp\/v2\/users\/1"}],"replies":[{"embeddable":true,"href":"https:\/\/domeeniost.ee\/index.php?rest_route=%2Fwp%2Fv2%2Fcomments&post=27"}],"version-history":[{"count":4,"href":"https:\/\/domeeniost.ee\/index.php?rest_route=\/wp\/v2\/pages\/27\/revisions"}],"predecessor-version":[{"id":39,"href":"https:\/\/domeeniost.ee\/index.php?rest_route=\/wp\/v2\/pages\/27\/revisions\/39"}],"wp:attachment":[{"href":"https:\/\/domeeniost.ee\/index.php?rest_route=%2Fwp%2Fv2%2Fmedia&parent=27"}],"curies":[{"name":"wp","href":"https:\/\/api.w.org\/{rel}","templated":true}]}}